{"id":6124,"date":"2016-02-19T13:55:54","date_gmt":"2016-02-19T13:55:54","guid":{"rendered":"https:\/\/themify.me\/demo\/themes\/simple\/?page_id=90"},"modified":"2025-01-09T22:47:18","modified_gmt":"2025-01-10T01:47:18","slug":"home","status":"publish","type":"page","link":"https:\/\/www.fibraup.net\/","title":{"rendered":"Shop"},"content":{"rendered":"<p><\/p>\n\n<!-- wp:themify-builder\/canvas \/--><!--themify_builder_static--><p style=\"text-align: center;\" align=\"center\"><strong><em>D\u00ea um UP na sua internet<br><\/em><\/strong><\/p>\n<h1 style=\"text-align: center;\" align=\"center\"><em><strong>de Fibra \u00d3ptica<br><\/strong><\/em><\/h1>\n<h3>Planos Fibra \u00d3ptica<br><\/h3>\n<h5>v\u00e1lidos para Campos Gerais, Campo do Meio e Ilic\u00ednea <\/h5>\n<h1><em><strong>200 Mb<\/strong><\/em><\/h1> <h5><em><strong>R$ 74,90<\/strong><\/em><br><em><strong>mensal<\/strong><\/em><\/h5>\n<em style=\"background-color: #ab0000;color: #ffffff\"><svg aria-hidden=\"true\"><use href=\"#tf-ti-check\"><\/use><\/svg><\/em> Plano Ilimitado\n<em style=\"background-color: #ab0000;color: #ffffff\"><svg aria-hidden=\"true\"><use href=\"#tf-ti-check\"><\/use><\/svg><\/em> Wifi Giga Gr\u00e1tis*\n<em style=\"background-color: #ab0000;color: #ffffff\"><svg aria-hidden=\"true\"><use href=\"#tf-ti-check\"><\/use><\/svg><\/em> Instala\u00e7\u00e3o Imediata\n<em style=\"background-color: #ab0000;color: #ffffff\"><svg aria-hidden=\"true\"><use href=\"#tf-ti-check\"><\/use><\/svg><\/em> Sem Taxa Ades\u00e3o\n<p>* Roteador em comodato<\/p>\n<a href=\"https:\/\/api.whatsapp.com\/send?phone=5535938533058&#038;text=Ol%C3%A1%2C%20gostaria%20de%20contratar%20a%20Fibra%20UP%20NET!\" target=\"_blank\" rel=\"noopener\"> Contratar <\/a>\n<h1><em><strong>400 Mb<\/strong><\/em><\/h1> <h5><em><strong>R$ 114,90<\/strong><\/em><br><em><strong>mensal<\/strong><\/em><\/h5>\n<em style=\"background-color: #ab0000;color: #ffffff\"><svg aria-hidden=\"true\"><use href=\"#tf-ti-check\"><\/use><\/svg><\/em> Plano Ilimitado\n<em style=\"background-color: #ab0000;color: #ffffff\"><svg aria-hidden=\"true\"><use href=\"#tf-ti-check\"><\/use><\/svg><\/em> Wifi Giga Gr\u00e1tis*\n<em style=\"background-color: #ab0000;color: #ffffff\"><svg aria-hidden=\"true\"><use href=\"#tf-ti-check\"><\/use><\/svg><\/em> Instala\u00e7\u00e3o Imediata\n<em style=\"background-color: #ab0000;color: #ffffff\"><svg aria-hidden=\"true\"><use href=\"#tf-ti-check\"><\/use><\/svg><\/em> Sem Taxa Ades\u00e3o\n<p>* Roteador Giga em comodato<\/p>\n<a href=\"https:\/\/api.whatsapp.com\/send?phone=5535938533058&#038;text=Ol%C3%A1%2C%20gostaria%20de%20contratar%20a%20Fibra%20UP%20NET!\" target=\"_blank\" rel=\"noopener\"> Contratar <\/a>\n<h1><em><strong>600 Mb<\/strong><\/em><\/h1> <h5><em><strong>R$ 129,90<\/strong><\/em><br><em><strong>mensal<\/strong><\/em><\/h5>\n<em style=\"background-color: #ab0000;color: #ffffff\"><svg aria-hidden=\"true\"><use href=\"#tf-ti-check\"><\/use><\/svg><\/em> Plano Ilimitado\n<em style=\"background-color: #ab0000;color: #ffffff\"><svg aria-hidden=\"true\"><use href=\"#tf-ti-check\"><\/use><\/svg><\/em> Wifi Giga Gr\u00e1tis*\n<em style=\"background-color: #ab0000;color: #ffffff\"><svg aria-hidden=\"true\"><use href=\"#tf-ti-check\"><\/use><\/svg><\/em> Instala\u00e7\u00e3o Imediata\n<em style=\"background-color: #ab0000;color: #ffffff\"><svg aria-hidden=\"true\"><use href=\"#tf-ti-check\"><\/use><\/svg><\/em> Sem Taxa Ades\u00e3o\n<p>* Roteador Giga em comodato<\/p>\n<a href=\"https:\/\/api.whatsapp.com\/send?phone=5535938533058&#038;text=Ol%C3%A1%2C%20gostaria%20de%20contratar%20a%20Fibra%20UP%20NET!\" target=\"_blank\" rel=\"noopener\"> Contratar <\/a>\n<h1><strong><em>G1GA +<\/strong><\/h1> <h6>1000 Mb<\/em><\/h6> <h5><em><strong>R$ 149,90<\/strong><\/em><br \/> <em><strong>mensal<\/strong><\/em><\/h5>\n<em style=\"background-color: #ab0000;color: #ffffff\"><svg aria-hidden=\"true\"><use href=\"#tf-ti-check\"><\/use><\/svg><\/em> Plano Ilimitado\n<em style=\"background-color: #ab0000;color: #ffffff\"><svg aria-hidden=\"true\"><use href=\"#tf-ti-check\"><\/use><\/svg><\/em> Wifi Ultra Giga*\n<em style=\"background-color: #ab0000;color: #ffffff\"><svg aria-hidden=\"true\"><use href=\"#tf-ti-check\"><\/use><\/svg><\/em> Instala\u00e7\u00e3o Imediata\n<em style=\"background-color: #ab0000;color: #ffffff\"><svg aria-hidden=\"true\"><use href=\"#tf-ti-check\"><\/use><\/svg><\/em> Sem Taxa Ades\u00e3o\n<p>* Roteador Gr\u00e1tis comodato<\/p>\n<a href=\"https:\/\/api.whatsapp.com\/send?phone=5535938533058&#038;text=Ol%C3%A1%2C%20gostaria%20de%20contratar%20a%20Fibra%20UP%20NET!\" target=\"_blank\" rel=\"noopener\"> Contratar <\/a>\n<h3>Perguntas Frequentes<\/h3>\n<ul><li><h4>Qual a VELOCIDADE do Plano G1GA+? <\/h4><h6 style=\"text-align: left;\">A Velocidade tanto de Download como de Upload ser\u00e1 de acordo com a capacidade do seu roteador e da placa de rede do seu equipamento. Quanto mais moderno e potente for seu equipamento, maior ser\u00e1 a Velocidade alcan\u00e7ada; podendo passar de 100Mbps, 300Mbps, 500Mbps e chegar at\u00e9 1000Mbps ou mais.<\/h6><\/li><li><h4>Quem pode contratar o Plano G1GA+? <\/h4><h6 style=\"text-align: left;\">Atualmente, estamos disponibilizando para nossa \u00e1rea de atua\u00e7\u00e3o coberta com estrutura Fibra \u00d3ptica, em Campos Gerais MG.<br>Caso sua regi\u00e3o ainda n\u00e3o seja atendida, entre em contato para se cadastrar em nossa lista de espera e ser um dos primeiros a ter acesso quando houver disponibilidade.<\/h6><\/li><li><h4> Qual o PRE\u00c7O do Plano G1GA+? <\/h4><h6 style=\"text-align: left;\">A mensalidade \u00e9 de R$149,90 com Taxa de Instala\u00e7\u00e3o GR\u00c1TIS (fidelidade de 12 meses).<br>Clientes que contratarem com fidelidade de 24 meses, ganham 50% DESCONTO nas 3 primeiras mensalidades e recebem Roteador WiFi GR\u00c1TIS, em Regime de Comodato.<\/h6><\/li><li><h4>Preciso comprar algum equipamento especial para poder contratar e usar o Plano G1GA+?<\/h4><h6 style=\"text-align: left;\">N\u00e3o h\u00e1 necessidade de equipamento especial para ter acesso ao Plano G1GA+, apenas Roteador e equipamento para seu uso de Internet.<br>Caso efetue contrata\u00e7\u00e3o com fidelidade de 24 meses, voc\u00ea receber\u00e1 Roteador WiFi GR\u00c1TIS, em Regime de Comodato.<\/h6><\/li><li><h4>Posso usar a Internet normalmente via WiFi em qualquer equipamento, como Celular, Tablet, Smart TV, etc? <\/h4><h6 style=\"text-align: left;\">Sim, voc\u00ea navegar\u00e1 normalmente em seus equipamentos via cabo de rede ou WiFi, de acordo com seu Roteador.<br>Caso efetue contrata\u00e7\u00e3o com fidelidade de 24 meses, voc\u00ea receber\u00e1 Roteador WiFi GR\u00c1TIS, em Regime de Comodato.<\/h6><\/li><li><h4>Se contratar o Plano G1GA+ com fidelidade de 24 meses, o Roteador instalado gratuitamente ser\u00e1 meu? <\/h4><h6 style=\"text-align: left;\">Caso efetue a contrata\u00e7\u00e3o com fidelidade de 24 meses, iremos instalar o Roteador WiFi SEM CUSTO, em Regime de Comodato.<br>Voc\u00ea poder\u00e1 usar o equipamento, sem custo adicional, enquanto mantiver seu Plano G1GA+ ativo.<\/h6><\/li><\/ul>\n<h2>Contato<\/h2>\n<p>Veja aonde estamos e nosso hor\u00e1rio de funcionamento.<\/p>\n<h5><strong>Telefone<\/strong><\/h5>\n<em style=\"color: #ad0000\"><svg aria-hidden=\"true\"><use href=\"#tf-ti-headphone-alt\"><\/use><\/svg><\/em> (35) 3853-3058\n<h5>E-mail<\/h5>\n<em style=\"color: #ad0000\"><svg aria-hidden=\"true\"><use href=\"#tf-far-envelope\"><\/use><\/svg><\/em> upnetcg@gmail.com\n<h5>Onde Estamos<\/h5>\n<em style=\"color: #ad0000\"><svg aria-hidden=\"true\"><use href=\"#tf-ti-map-alt\"><\/use><\/svg><\/em> Campos Gerais, Campo do Meio, Ilic\u00ednea\n<h5>Hor\u00e1rio de Atendimento<\/h5>\n<em style=\"color: #ad0000\"><svg aria-hidden=\"true\"><use href=\"#tf-ti-time\"><\/use><\/svg><\/em> Segunda &#8211; Sexta das 9:00 \u00e0s 18:00\n<h4>E-mail<\/h4>\n<div role=\"form\" class=\"wpcf7\" id=\"wpcf7-f6-o1\" lang=\"pt-BR\" dir=\"ltr\">\n<div class=\"screen-reader-response\"><p role=\"status\" aria-live=\"polite\" aria-atomic=\"true\"><\/p> <ul><\/ul><\/div>\n<form action=\"\/index.php?rest_route=%2Fwp%2Fv2%2Fpages%2F6124#wpcf7-f6-o1\" method=\"post\" class=\"wpcf7-form init\" novalidate=\"novalidate\" data-status=\"init\">\n<div style=\"display: none;\">\n<input type=\"hidden\" name=\"_wpcf7\" value=\"6\" \/>\n<input type=\"hidden\" name=\"_wpcf7_version\" value=\"5.5.3\" \/>\n<input type=\"hidden\" name=\"_wpcf7_locale\" value=\"pt_BR\" \/>\n<input type=\"hidden\" name=\"_wpcf7_unit_tag\" value=\"wpcf7-f6-o1\" \/>\n<input type=\"hidden\" name=\"_wpcf7_container_post\" value=\"0\" \/>\n<input type=\"hidden\" name=\"_wpcf7_posted_data_hash\" value=\"\" \/>\n<\/div>\n<p><label> Nome<br \/>\n    <span class=\"wpcf7-form-control-wrap your-name\"><input type=\"text\" name=\"your-name\" value=\"\" size=\"40\" class=\"wpcf7-form-control wpcf7-text wpcf7-validates-as-required\" aria-required=\"true\" aria-invalid=\"false\" placeholder=\"Seu Nome\" \/><\/span> <\/label><\/p>\n<p><label> E-mail<br \/>\n   <span class=\"wpcf7-form-control-wrap email-102\"><input type=\"email\" name=\"email-102\" value=\"\" size=\"40\" class=\"wpcf7-form-control wpcf7-text wpcf7-email wpcf7-validates-as-email\" aria-invalid=\"false\" \/><\/span> <\/label><\/p>\n<p><label> Assunto<br \/>\n    <span class=\"wpcf7-form-control-wrap your-subject\"><input type=\"text\" name=\"your-subject\" value=\"\" size=\"40\" class=\"wpcf7-form-control wpcf7-text wpcf7-validates-as-required\" aria-required=\"true\" aria-invalid=\"false\" \/><\/span> <\/label><\/p>\n<p><label> Telefone<br \/>\n    <span class=\"wpcf7-form-control-wrap number-402\"><input type=\"number\" name=\"number-402\" value=\"\" class=\"wpcf7-form-control wpcf7-number wpcf7-validates-as-number\" aria-invalid=\"false\" \/><\/span> <\/label><\/p>\n<p><label> Mensagem<br \/>\n    <span class=\"wpcf7-form-control-wrap your-message\"><textarea name=\"your-message\" cols=\"40\" rows=\"10\" class=\"wpcf7-form-control wpcf7-textarea\" aria-invalid=\"false\"><\/textarea><\/span> <\/label><br \/>\n<label id=\"enviar\"><br \/>\n<input type=\"submit\" value=\"Enviar\" class=\"wpcf7-form-control has-spinner wpcf7-submit\" \/><\/label><\/p>\n<div class=\"wpcf7-response-output\" aria-hidden=\"true\"><\/div><\/form><\/div>\n<p style=\"text-align: left;\">\u00a9 2025 <strong>UpNet<\/strong><\/p>\n<pre style=\"text-align: left;\">Welington Amaral de Assis<br>CNPJ 21.589.339\/0001-45<\/pre>\n<em style=\"color: #ffffff\"><svg aria-hidden=\"true\"><use href=\"#tf-ti-facebook\"><\/use><\/svg><\/em> <a href=\"https:\/\/www.instagram.com\/fibraupnet\"> <em style=\"color: #ffffff\"><svg aria-hidden=\"true\"><use href=\"#tf-ti-instagram\"><\/use><\/svg><\/em> <\/a> <a href=\"http:\/\/5568.webmikrotik.com\/administracao.php\" rel=\"noopener\" target=\"_blank\"> <em style=\"color: #2e2e2e\"><svg aria-hidden=\"true\"><use href=\"#tf-ti-lock\"><\/use><\/svg><\/em> <\/a>\n<p>por Star Sites<\/p><!--\/themify_builder_static-->","protected":false},"excerpt":{"rendered":"<p>D\u00ea um UP na sua internet de Fibra \u00d3ptica Planos Fibra \u00d3ptica v\u00e1lidos para Campos Gerais, Campo do Meio e Ilic\u00ednea 200 Mb R$ 74,90mensal Plano Ilimitado Wifi Giga Gr\u00e1tis* Instala\u00e7\u00e3o Imediata Sem Taxa Ades\u00e3o * Roteador em comodato Contratar 400 Mb R$ 114,90mensal Plano Ilimitado Wifi Giga Gr\u00e1tis* Instala\u00e7\u00e3o Imediata Sem Taxa Ades\u00e3o * [&hellip;]<\/p>\n","protected":false},"author":1,"featured_media":0,"parent":0,"menu_order":0,"comment_status":"closed","ping_status":"closed","template":"","meta":{"footnotes":""},"class_list":["post-6124","page","type-page","status-publish","hentry","has-post-title","has-post-date","has-post-category","has-post-tag","has-post-comment","has-post-author",""],"builder_content":"<p style=\"text-align: center;\" align=\"center\"><strong><em>D\u00ea um UP na sua internet<br><\/em><\/strong><\/p>\n<h1 style=\"text-align: center;\" align=\"center\"><em><strong>de Fibra \u00d3ptica<br><\/strong><\/em><\/h1>\n<h3>Planos Fibra \u00d3ptica<br><\/h3>\n<h5>v\u00e1lidos para Campos Gerais, Campo do Meio e Ilic\u00ednea <\/h5>\n<h1><em><strong>200 Mb<\/strong><\/em><\/h1> <h5><em><strong>R$ 74,90<\/strong><\/em><br><em><strong>mensal<\/strong><\/em><\/h5>\n<em style=\"background-color: #ab0000;color: #ffffff\"><svg aria-hidden=\"true\"><use href=\"#tf-ti-check\"><\/use><\/svg><\/em> Plano Ilimitado\n<em style=\"background-color: #ab0000;color: #ffffff\"><svg aria-hidden=\"true\"><use href=\"#tf-ti-check\"><\/use><\/svg><\/em> Wifi Giga Gr\u00e1tis*\n<em style=\"background-color: #ab0000;color: #ffffff\"><svg aria-hidden=\"true\"><use href=\"#tf-ti-check\"><\/use><\/svg><\/em> Instala\u00e7\u00e3o Imediata\n<em style=\"background-color: #ab0000;color: #ffffff\"><svg aria-hidden=\"true\"><use href=\"#tf-ti-check\"><\/use><\/svg><\/em> Sem Taxa Ades\u00e3o\n<p>* Roteador em comodato<\/p>\n<a href=\"https:\/\/api.whatsapp.com\/send?phone=5535938533058&#038;text=Ol%C3%A1%2C%20gostaria%20de%20contratar%20a%20Fibra%20UP%20NET!\" target=\"_blank\" rel=\"noopener\"> Contratar <\/a>\n<h1><em><strong>400 Mb<\/strong><\/em><\/h1> <h5><em><strong>R$ 114,90<\/strong><\/em><br><em><strong>mensal<\/strong><\/em><\/h5>\n<em style=\"background-color: #ab0000;color: #ffffff\"><svg aria-hidden=\"true\"><use href=\"#tf-ti-check\"><\/use><\/svg><\/em> Plano Ilimitado\n<em style=\"background-color: #ab0000;color: #ffffff\"><svg aria-hidden=\"true\"><use href=\"#tf-ti-check\"><\/use><\/svg><\/em> Wifi Giga Gr\u00e1tis*\n<em style=\"background-color: #ab0000;color: #ffffff\"><svg aria-hidden=\"true\"><use href=\"#tf-ti-check\"><\/use><\/svg><\/em> Instala\u00e7\u00e3o Imediata\n<em style=\"background-color: #ab0000;color: #ffffff\"><svg aria-hidden=\"true\"><use href=\"#tf-ti-check\"><\/use><\/svg><\/em> Sem Taxa Ades\u00e3o\n<p>* Roteador Giga em comodato<\/p>\n<a href=\"https:\/\/api.whatsapp.com\/send?phone=5535938533058&#038;text=Ol%C3%A1%2C%20gostaria%20de%20contratar%20a%20Fibra%20UP%20NET!\" target=\"_blank\" rel=\"noopener\"> Contratar <\/a>\n<h1><em><strong>600 Mb<\/strong><\/em><\/h1> <h5><em><strong>R$ 129,90<\/strong><\/em><br><em><strong>mensal<\/strong><\/em><\/h5>\n<em style=\"background-color: #ab0000;color: #ffffff\"><svg aria-hidden=\"true\"><use href=\"#tf-ti-check\"><\/use><\/svg><\/em> Plano Ilimitado\n<em style=\"background-color: #ab0000;color: #ffffff\"><svg aria-hidden=\"true\"><use href=\"#tf-ti-check\"><\/use><\/svg><\/em> Wifi Giga Gr\u00e1tis*\n<em style=\"background-color: #ab0000;color: #ffffff\"><svg aria-hidden=\"true\"><use href=\"#tf-ti-check\"><\/use><\/svg><\/em> Instala\u00e7\u00e3o Imediata\n<em style=\"background-color: #ab0000;color: #ffffff\"><svg aria-hidden=\"true\"><use href=\"#tf-ti-check\"><\/use><\/svg><\/em> Sem Taxa Ades\u00e3o\n<p>* Roteador Giga em comodato<\/p>\n<a href=\"https:\/\/api.whatsapp.com\/send?phone=5535938533058&#038;text=Ol%C3%A1%2C%20gostaria%20de%20contratar%20a%20Fibra%20UP%20NET!\" target=\"_blank\" rel=\"noopener\"> Contratar <\/a>\n<h1><strong><em>G1GA +<\/strong><\/h1> <h6>1000 Mb<\/em><\/h6> <h5><em><strong>R$ 149,90<\/strong><\/em><br \/> <em><strong>mensal<\/strong><\/em><\/h5>\n<em style=\"background-color: #ab0000;color: #ffffff\"><svg aria-hidden=\"true\"><use href=\"#tf-ti-check\"><\/use><\/svg><\/em> Plano Ilimitado\n<em style=\"background-color: #ab0000;color: #ffffff\"><svg aria-hidden=\"true\"><use href=\"#tf-ti-check\"><\/use><\/svg><\/em> Wifi Ultra Giga*\n<em style=\"background-color: #ab0000;color: #ffffff\"><svg aria-hidden=\"true\"><use href=\"#tf-ti-check\"><\/use><\/svg><\/em> Instala\u00e7\u00e3o Imediata\n<em style=\"background-color: #ab0000;color: #ffffff\"><svg aria-hidden=\"true\"><use href=\"#tf-ti-check\"><\/use><\/svg><\/em> Sem Taxa Ades\u00e3o\n<p>* Roteador Gr\u00e1tis comodato<\/p>\n<a href=\"https:\/\/api.whatsapp.com\/send?phone=5535938533058&#038;text=Ol%C3%A1%2C%20gostaria%20de%20contratar%20a%20Fibra%20UP%20NET!\" target=\"_blank\" rel=\"noopener\"> Contratar <\/a>\n<h3>Perguntas Frequentes<\/h3>\n<ul><li><h4>Qual a VELOCIDADE do Plano G1GA+? <\/h4><h6 style=\"text-align: left;\">A Velocidade tanto de Download como de Upload ser\u00e1 de acordo com a capacidade do seu roteador e da placa de rede do seu equipamento. Quanto mais moderno e potente for seu equipamento, maior ser\u00e1 a Velocidade alcan\u00e7ada; podendo passar de 100Mbps, 300Mbps, 500Mbps e chegar at\u00e9 1000Mbps ou mais.<\/h6><\/li><li><h4>Quem pode contratar o Plano G1GA+? <\/h4><h6 style=\"text-align: left;\">Atualmente, estamos disponibilizando para nossa \u00e1rea de atua\u00e7\u00e3o coberta com estrutura Fibra \u00d3ptica, em Campos Gerais MG.<br>Caso sua regi\u00e3o ainda n\u00e3o seja atendida, entre em contato para se cadastrar em nossa lista de espera e ser um dos primeiros a ter acesso quando houver disponibilidade.<\/h6><\/li><li><h4> Qual o PRE\u00c7O do Plano G1GA+? <\/h4><h6 style=\"text-align: left;\">A mensalidade \u00e9 de R$149,90 com Taxa de Instala\u00e7\u00e3o GR\u00c1TIS (fidelidade de 12 meses).<br>Clientes que contratarem com fidelidade de 24 meses, ganham 50% DESCONTO nas 3 primeiras mensalidades e recebem Roteador WiFi GR\u00c1TIS, em Regime de Comodato.<\/h6><\/li><li><h4>Preciso comprar algum equipamento especial para poder contratar e usar o Plano G1GA+?<\/h4><h6 style=\"text-align: left;\">N\u00e3o h\u00e1 necessidade de equipamento especial para ter acesso ao Plano G1GA+, apenas Roteador e equipamento para seu uso de Internet.<br>Caso efetue contrata\u00e7\u00e3o com fidelidade de 24 meses, voc\u00ea receber\u00e1 Roteador WiFi GR\u00c1TIS, em Regime de Comodato.<\/h6><\/li><li><h4>Posso usar a Internet normalmente via WiFi em qualquer equipamento, como Celular, Tablet, Smart TV, etc? <\/h4><h6 style=\"text-align: left;\">Sim, voc\u00ea navegar\u00e1 normalmente em seus equipamentos via cabo de rede ou WiFi, de acordo com seu Roteador.<br>Caso efetue contrata\u00e7\u00e3o com fidelidade de 24 meses, voc\u00ea receber\u00e1 Roteador WiFi GR\u00c1TIS, em Regime de Comodato.<\/h6><\/li><li><h4>Se contratar o Plano G1GA+ com fidelidade de 24 meses, o Roteador instalado gratuitamente ser\u00e1 meu? <\/h4><h6 style=\"text-align: left;\">Caso efetue a contrata\u00e7\u00e3o com fidelidade de 24 meses, iremos instalar o Roteador WiFi SEM CUSTO, em Regime de Comodato.<br>Voc\u00ea poder\u00e1 usar o equipamento, sem custo adicional, enquanto mantiver seu Plano G1GA+ ativo.<\/h6><\/li><\/ul>\n<h2>Contato<\/h2>\n<p>Veja aonde estamos e nosso hor\u00e1rio de funcionamento.<\/p>\n<h5><strong>Telefone<\/strong><\/h5>\n<em style=\"color: #ad0000\"><svg aria-hidden=\"true\"><use href=\"#tf-ti-headphone-alt\"><\/use><\/svg><\/em> (35) 3853-3058\n<h5>E-mail<\/h5>\n<em style=\"color: #ad0000\"><svg aria-hidden=\"true\"><use href=\"#tf-far-envelope\"><\/use><\/svg><\/em> upnetcg@gmail.com\n<h5>Onde Estamos<\/h5>\n<em style=\"color: #ad0000\"><svg aria-hidden=\"true\"><use href=\"#tf-ti-map-alt\"><\/use><\/svg><\/em> Campos Gerais, Campo do Meio, Ilic\u00ednea\n<h5>Hor\u00e1rio de Atendimento<\/h5>\n<em style=\"color: #ad0000\"><svg aria-hidden=\"true\"><use href=\"#tf-ti-time\"><\/use><\/svg><\/em> Segunda - Sexta das 9:00 \u00e0s 18:00\n<h4>E-mail<\/h4>\n<p>[contact-form-7 id=\"6\" title=\"Contact form 1\"]<\/p>\n<p style=\"text-align: left;\">\u00a9 2025 <strong>UpNet<\/strong><\/p>\n<pre style=\"text-align: left;\">Welington Amaral de Assis<br>CNPJ 21.589.339\/0001-45<\/pre>\n<em style=\"color: #ffffff\"><svg aria-hidden=\"true\"><use href=\"#tf-ti-facebook\"><\/use><\/svg><\/em> <a href=\"https:\/\/www.instagram.com\/fibraupnet\"> <em style=\"color: #ffffff\"><svg aria-hidden=\"true\"><use href=\"#tf-ti-instagram\"><\/use><\/svg><\/em> <\/a> <a href=\"http:\/\/5568.webmikrotik.com\/administracao.php\" rel=\"noopener\" target=\"_blank\"> <em style=\"color: #2e2e2e\"><svg aria-hidden=\"true\"><use href=\"#tf-ti-lock\"><\/use><\/svg><\/em> <\/a>\n<p>por Star Sites<\/p>","_links":{"self":[{"href":"https:\/\/www.fibraup.net\/index.php?rest_route=\/wp\/v2\/pages\/6124","targetHints":{"allow":["GET"]}}],"collection":[{"href":"https:\/\/www.fibraup.net\/index.php?rest_route=\/wp\/v2\/pages"}],"about":[{"href":"https:\/\/www.fibraup.net\/index.php?rest_route=\/wp\/v2\/types\/page"}],"author":[{"embeddable":true,"href":"https:\/\/www.fibraup.net\/index.php?rest_route=\/wp\/v2\/users\/1"}],"replies":[{"embeddable":true,"href":"https:\/\/www.fibraup.net\/index.php?rest_route=%2Fwp%2Fv2%2Fcomments&post=6124"}],"version-history":[{"count":137,"href":"https:\/\/www.fibraup.net\/index.php?rest_route=\/wp\/v2\/pages\/6124\/revisions"}],"predecessor-version":[{"id":6411,"href":"https:\/\/www.fibraup.net\/index.php?rest_route=\/wp\/v2\/pages\/6124\/revisions\/6411"}],"wp:attachment":[{"href":"https:\/\/www.fibraup.net\/index.php?rest_route=%2Fwp%2Fv2%2Fmedia&parent=6124"}],"curies":[{"name":"wp","href":"https:\/\/api.w.org\/{rel}","templated":true}]}}